{"id":1437,"date":"2015-03-21T15:18:02","date_gmt":"2015-03-21T14:18:02","guid":{"rendered":"https:\/\/bricherpaerdsstall.lu\/?page_id=1437"},"modified":"2023-11-21T15:47:28","modified_gmt":"2023-11-21T14:47:28","slug":"einrichtungen","status":"publish","type":"page","link":"https:\/\/bricherpaerdsstall.lu\/uber-uns\/einrichtungen\/","title":{"rendered":"Einrichtungen"},"content":{"rendered":"<div class=\"content-column half\" ><h1 class=\"special-title\">Einrichtungen<\/h1>\n<p>Innenboxen 3,5\u00d73 m, Aussenboxen 4\u00d73,5 m teilweise mit Paddock, Reithalle, Aussenplatz, Solarium &amp; Duschplatz, Gemeinschaftsraum, grosse Weiden im Sommer und Auslauffl\u00e4chen im Winter. Die Aufteilung unserer Weiden erm\u00f6glicht eine gezielte Zusammensetzung der Pferdegruppen untereinander.<\/p>\n<div id='gallery-1' class='gallery galleryid-1437 gallery-columns-2 gallery-size-thumbnail'>\n<figure class='gallery-item'>\n<div class='gallery-icon landscape'>\n\t\t\t\t<a href='https:\/\/bricherpaerdsstall.lu\/wp-content\/uploads\/2015\/03\/stall2010-800.jpg'><img loading=\"lazy\" decoding=\"async\" width=\"150\" height=\"150\" src=\"https:\/\/bricherpaerdsstall.lu\/wp-content\/uploads\/2015\/03\/stall2010-800-150x150.jpg\" class=\"attachment-thumbnail size-thumbnail\" alt=\"\" \/><\/a>\n\t\t\t<\/div>\n<\/figure>\n<figure class='gallery-item'>\n<div class='gallery-icon landscape'>\n\t\t\t\t<a href='https:\/\/bricherpaerdsstall.lu\/wp-content\/uploads\/2015\/03\/boxen2201.jpg'><img loading=\"lazy\" decoding=\"async\" width=\"150\" height=\"150\" src=\"https:\/\/bricherpaerdsstall.lu\/wp-content\/uploads\/2015\/03\/boxen2201-150x150.jpg\" class=\"attachment-thumbnail size-thumbnail\" alt=\"\" \/><\/a>\n\t\t\t<\/div>\n<\/figure>\n<figure class='gallery-item'>\n<div class='gallery-icon landscape'>\n\t\t\t\t<a href='https:\/\/bricherpaerdsstall.lu\/wp-content\/uploads\/2015\/03\/aussenplatz1.png'><img loading=\"lazy\" decoding=\"async\" width=\"150\" height=\"150\" src=\"https:\/\/bricherpaerdsstall.lu\/wp-content\/uploads\/2015\/03\/aussenplatz1-150x150.png\" class=\"attachment-thumbnail size-thumbnail\" alt=\"\" \/><\/a>\n\t\t\t<\/div>\n<\/figure>\n<figure class='gallery-item'>\n<div class='gallery-icon landscape'>\n\t\t\t\t<a href='https:\/\/bricherpaerdsstall.lu\/wp-content\/uploads\/2015\/03\/halle2201.jpg'><img loading=\"lazy\" decoding=\"async\" width=\"150\" height=\"150\" src=\"https:\/\/bricherpaerdsstall.lu\/wp-content\/uploads\/2015\/03\/halle2201-150x150.jpg\" class=\"attachment-thumbnail size-thumbnail\" alt=\"\" \/><\/a>\n\t\t\t<\/div>\n<\/figure><\/div>\n<\/div>\n<div class=\"content-column last clearfix half\" ><h1 class=\"special-title\">Unsere Tiere<\/h1>\n<ul>\n<li>Pferde<\/li>\n<li>Esel<\/li>\n<li>Ziegen &amp; Schafe, Nagetiere, H\u00fchner &amp; Enten<\/li>\n<li>Katzen<\/li>\n<li>Ochse Muskator, Mini-Schweine<\/li>\n<li>Schon bei der Ankunft auf unserer Anlage werden Sie nicht nur von den Pferden begr\u00fcsst, sondern auch von der Hofdame Chlo\u00e9.<\/li>\n<\/ul>\n<p><img loading=\"lazy\" decoding=\"async\" class=\"aligncenter  wp-image-1340\" src=\"https:\/\/bricherpaerdsstall.lu\/wp-content\/uploads\/2015\/03\/hund.jpg\" alt=\"hund\" width=\"181\" height=\"181\" srcset=\"https:\/\/bricherpaerdsstall.lu\/wp-content\/uploads\/2015\/03\/hund.jpg 299w, https:\/\/bricherpaerdsstall.lu\/wp-content\/uploads\/2015\/03\/hund-150x150.jpg 150w\" sizes=\"auto, (max-width: 181px) 100vw, 181px\" \/><\/p>\n<p>Wir legen grossen Wert auf einen respektvollen und<br \/>\nartgerechten Umgang mit den Tieren.<br \/>\nF\u00fcr die Ausbildung nehmen wir uns Zeit und arbeiten nach unterschiedlichen methodischen Ans\u00e4tzen im p\u00e4dagogischen und therapeutischen Bereich, um die Tiere optimal auf ihre Arbeit vorzubereiten.<\/p>\n<\/div><div class=\"clear\"><\/div>\n","protected":false},"excerpt":{"rendered":"Einrichtungen Innenboxen 3,5\u00d73 m, Aussenboxen 4\u00d73,5 m teilweise mit Paddock, Reithalle, Aussenplatz, Solarium &amp; Duschplatz, Gemeinschaftsraum, grosse Weiden im Sommer und Auslauffl\u00e4chen im Winter. Die Aufteilung unserer Weiden erm\u00f6glicht eine gezielte Zusammensetzung der Pferdegruppen untereinander. Unsere Tiere Pferde Esel Ziegen &amp; Schafe, Nagetiere, H\u00fchner &amp; Enten Katzen Ochse Muskator, Mini-Schweine Schon bei der Ankunft auf unserer Anlage werden Sie nicht [...] <a class=\"continue-reading h6 color-primary\" href=\"https:\/\/bricherpaerdsstall.lu\/uber-uns\/einrichtungen\/\"><i class=\"fa fa-fw fa-angle-double-right \"><\/i>Continue Reading<\/a>","protected":false},"author":1,"featured_media":0,"parent":1432,"menu_order":0,"comment_status":"closed","ping_status":"open","template":"","meta":{"_price":"","_stock":"","_tribe_ticket_header":"","_tribe_default_ticket_provider":"","_tribe_ticket_capacity":"0","_ticket_start_date":"","_ticket_end_date":"","_tribe_ticket_show_description":"","_tribe_ticket_show_not_going":false,"_tribe_ticket_use_global_stock":"","_tribe_ticket_global_stock_level":"","_global_stock_mode":"","_global_stock_cap":"","_tribe_rsvp_for_event":"","_tribe_ticket_going_count":"","_tribe_ticket_not_going_count":"","_tribe_tickets_list":"[]","_tribe_ticket_has_attendee_info_fields":false,"footnotes":"","_tec_slr_enabled":"","_tec_slr_layout":""},"class_list":["post-1437","page","type-page","status-publish","hentry"],"ticketed":false,"_links":{"self":[{"href":"https:\/\/bricherpaerdsstall.lu\/wp-json\/wp\/v2\/pages\/1437","targetHints":{"allow":["GET"]}}],"collection":[{"href":"https:\/\/bricherpaerdsstall.lu\/wp-json\/wp\/v2\/pages"}],"about":[{"href":"https:\/\/bricherpaerdsstall.lu\/wp-json\/wp\/v2\/types\/page"}],"author":[{"embeddable":true,"href":"https:\/\/bricherpaerdsstall.lu\/wp-json\/wp\/v2\/users\/1"}],"replies":[{"embeddable":true,"href":"https:\/\/bricherpaerdsstall.lu\/wp-json\/wp\/v2\/comments?post=1437"}],"version-history":[{"count":17,"href":"https:\/\/bricherpaerdsstall.lu\/wp-json\/wp\/v2\/pages\/1437\/revisions"}],"predecessor-version":[{"id":1534,"href":"https:\/\/bricherpaerdsstall.lu\/wp-json\/wp\/v2\/pages\/1437\/revisions\/1534"}],"up":[{"embeddable":true,"href":"https:\/\/bricherpaerdsstall.lu\/wp-json\/wp\/v2\/pages\/1432"}],"wp:attachment":[{"href":"https:\/\/bricherpaerdsstall.lu\/wp-json\/wp\/v2\/media?parent=1437"}],"curies":[{"name":"wp","href":"https:\/\/api.w.org\/{rel}","templated":true}]}}